{"id":28,"date":"2021-08-11T13:58:21","date_gmt":"2021-08-11T05:58:21","guid":{"rendered":"http:\/\/localhost:273\/?page_id=28"},"modified":"2024-04-19T09:08:13","modified_gmt":"2024-04-19T01:08:13","slug":"aboutus","status":"publish","type":"page","link":"https:\/\/www.dig-well.com\/de\/aboutus\/","title":{"rendered":"\u00dcber uns"},"content":{"rendered":"<p>Das 2008 gegr\u00fcndete Unternehmen Zhangjiagang DigWell Technology Co., Ltd. ist ein Vorreiter in der Branche der Ultraschallreinigungsanlagen und Abwassermanagementsysteme. In den vergangenen dreizehn Jahren hat sich DigWell einen guten Ruf f\u00fcr Innovation, Qualit\u00e4t und Kundenzufriedenheit erarbeitet.<\/p>\n<p>Eingebettet in der industriell gepr\u00e4gten Stadt Zhangjiagang, einem Leuchtturm f\u00fcr herausragende Leistungen in der Fertigung, bietet DigWell ma\u00dfgeschneiderte Ultraschallreinigungsl\u00f6sungen f\u00fcr eine Vielzahl von Branchen. Von den komplizierten Anforderungen der Feinmechanik bis hin zu den strengen Standards der medizinischen Industrie sind die Reinigungsger\u00e4te von DigWell entscheidend f\u00fcr das Erreichen unvergleichlicher Sauberkeit und betrieblicher Effizienz.<\/p>\n<p>Die Kompetenz des Unternehmens liegt in der Forschung, Entwicklung, Konstruktion, Produktion und dem Vertrieb einer breiten Palette von Reinigungsger\u00e4ten und Abwasserrecyclingsystemen. DigWell ist ein anerkannter Komplettanbieter von ganzheitlichen L\u00f6sungen f\u00fcr Reinigungssysteme und bietet Produkte wie hochmoderne Ultraschallreinigungsmaschinen an.<\/p>\n<p>DigWells Engagement f\u00fcr Innovation wird durch sein geistiges Eigentum veranschaulicht, zu dem zwei eingetragene Warenzeichen geh\u00f6ren. Diese Warenzeichen repr\u00e4sentieren nicht nur die Markenidentit\u00e4t des Unternehmens, sondern auch sein unerm\u00fcdliches Engagement f\u00fcr die Entwicklung einzigartiger und effektiver Reinigungstechnologien.<\/p>\n<p>\u00dcber die Herstellung hinaus sorgt DigWell f\u00fcr langfristige Kundenbeziehungen, indem es umfassende Kundendienstleistungen anbietet, einschlie\u00dflich der Wartung der Ger\u00e4te und des technischen Supports, um die Langlebigkeit und Zufriedenheit seiner Produkte zu gew\u00e4hrleisten.<\/p>\n<p>Mit der Vision, saubere und nachhaltige L\u00f6sungen anzubieten, die neue Ma\u00dfst\u00e4be in der Branche setzen, beschreitet DigWell Technology immer wieder neue Wege in der Ultraschallreinigungstechnologie. Der Weg des Unternehmens, der sich \u00fcber mehr als ein Jahrzehnt erstreckt, ist ein Beispiel f\u00fcr die Widerstandsf\u00e4higkeit und Anpassungsf\u00e4higkeit in einer sich st\u00e4ndig ver\u00e4ndernden Marktlandschaft. Auf dem Weg in die Zukunft bleibt DigWell in seinem Streben nach Exzellenz und Innovation unersch\u00fctterlich und sichert so sein Erbe als Vorreiter auf dem Gebiet der Ultraschallreinigungsl\u00f6sungen.<\/p>","protected":false},"excerpt":{"rendered":"<p>Established in 2008, Zhangjiagang DigWell Technology Co., Ltd. has been a trailblazer in the industry of ultrasonic cleaning equipment and wastewater management systems. Over the past thirteen years, DigWell has cultivated a strong reputation for innovation, quality, and dedication to customer satisfaction. Nestled within the industrious city of Zhangjiagang, a beacon of manufacturing excellence, DigWell [&hellip;]<\/p>\n","protected":false},"author":1,"featured_media":0,"parent":0,"menu_order":0,"comment_status":"open","ping_status":"closed","template":"page.php","meta":{"_acf_changed":false,"footnotes":""},"class_list":["post-28","page","type-page","status-publish","hentry"],"acf":[],"_links":{"self":[{"href":"https:\/\/www.dig-well.com\/de\/wp-json\/wp\/v2\/pages\/28","targetHints":{"allow":["GET"]}}],"collection":[{"href":"https:\/\/www.dig-well.com\/de\/wp-json\/wp\/v2\/pages"}],"about":[{"href":"https:\/\/www.dig-well.com\/de\/wp-json\/wp\/v2\/types\/page"}],"author":[{"embeddable":true,"href":"https:\/\/www.dig-well.com\/de\/wp-json\/wp\/v2\/users\/1"}],"replies":[{"embeddable":true,"href":"https:\/\/www.dig-well.com\/de\/wp-json\/wp\/v2\/comments?post=28"}],"version-history":[{"count":12,"href":"https:\/\/www.dig-well.com\/de\/wp-json\/wp\/v2\/pages\/28\/revisions"}],"predecessor-version":[{"id":2513,"href":"https:\/\/www.dig-well.com\/de\/wp-json\/wp\/v2\/pages\/28\/revisions\/2513"}],"wp:attachment":[{"href":"https:\/\/www.dig-well.com\/de\/wp-json\/wp\/v2\/media?parent=28"}],"curies":[{"name":"wp","href":"https:\/\/api.w.org\/{rel}","templated":true}]}}