{"id":28,"date":"2021-08-11T13:58:21","date_gmt":"2021-08-11T05:58:21","guid":{"rendered":"http:\/\/localhost:273\/?page_id=28"},"modified":"2024-04-19T09:08:13","modified_gmt":"2024-04-19T01:08:13","slug":"aboutus","status":"publish","type":"page","link":"https:\/\/www.dig-well.com\/es\/aboutus\/","title":{"rendered":"Qui\u00e9nes somos"},"content":{"rendered":"<p>Fundada en 2008, Zhangjiagang DigWell Technology Co., Ltd. ha sido pionera en la industria de equipos de limpieza por ultrasonidos y sistemas de gesti\u00f3n de aguas residuales. Durante los \u00faltimos trece a\u00f1os, DigWell ha cultivado una s\u00f3lida reputaci\u00f3n de innovaci\u00f3n, calidad y dedicaci\u00f3n a la satisfacci\u00f3n del cliente.<\/p>\n<p>Enclavada en la industriosa ciudad de Zhangjiagang, un faro de excelencia en la fabricaci\u00f3n, DigWell ha estado proporcionando soluciones de limpieza por ultrasonidos a medida a una amplia gama de industrias. Desde las intrincadas exigencias de la ingenier\u00eda de precisi\u00f3n hasta las estrictas normas de la industria m\u00e9dica, los equipos de limpieza de DigWell son fundamentales para lograr una limpieza y una eficiencia operativa inigualables.<\/p>\n<p>La empresa es experta en investigaci\u00f3n, desarrollo, dise\u00f1o, producci\u00f3n y venta de una amplia gama de equipos de limpieza y sistemas de reciclado de aguas residuales. DigWell es reconocido como un proveedor integral de soluciones integrales para sistemas de limpieza y , que ofrece productos como m\u00e1quinas de limpieza por ultrasonidos de \u00faltima generaci\u00f3n.<\/p>\n<p>La dedicaci\u00f3n de DigWell a la innovaci\u00f3n queda patente en sus activos de propiedad intelectual, que incluyen dos marcas registradas. Estas marcas no solo representan la identidad de marca de la empresa, sino tambi\u00e9n su compromiso inquebrantable con el desarrollo de tecnolog\u00edas de limpieza \u00fanicas y eficaces.<\/p>\n<p>M\u00e1s all\u00e1 de la fabricaci\u00f3n, DigWell asegura relaciones a largo plazo con sus clientes ofreci\u00e9ndoles servicios posventa completos, que incluyen el mantenimiento de los equipos y asistencia t\u00e9cnica, garantizando la longevidad y satisfacci\u00f3n de sus productos.<\/p>\n<p>Con la visi\u00f3n de ofrecer soluciones limpias y sostenibles que marquen nuevos hitos en la industria, DigWell Technology persiste en abrir nuevos caminos en la tecnolog\u00eda de limpieza por ultrasonidos. La trayectoria de la empresa, que abarca m\u00e1s de una d\u00e9cada, es un relato de resistencia y adaptabilidad en un panorama de mercado en constante cambio. A medida que DigWell avanza hacia el futuro, se mantiene firme en su b\u00fasqueda de la excelencia y la innovaci\u00f3n, asegurando su legado como vanguardia en el campo de las soluciones de limpieza por ultrasonidos.<\/p>","protected":false},"excerpt":{"rendered":"<p>Established in 2008, Zhangjiagang DigWell Technology Co., Ltd. has been a trailblazer in the industry of ultrasonic cleaning equipment and wastewater management systems. Over the past thirteen years, DigWell has cultivated a strong reputation for innovation, quality, and dedication to customer satisfaction. Nestled within the industrious city of Zhangjiagang, a beacon of manufacturing excellence, DigWell [&hellip;]<\/p>\n","protected":false},"author":1,"featured_media":0,"parent":0,"menu_order":0,"comment_status":"open","ping_status":"closed","template":"page.php","meta":{"_acf_changed":false,"footnotes":""},"class_list":["post-28","page","type-page","status-publish","hentry"],"acf":[],"_links":{"self":[{"href":"https:\/\/www.dig-well.com\/es\/wp-json\/wp\/v2\/pages\/28","targetHints":{"allow":["GET"]}}],"collection":[{"href":"https:\/\/www.dig-well.com\/es\/wp-json\/wp\/v2\/pages"}],"about":[{"href":"https:\/\/www.dig-well.com\/es\/wp-json\/wp\/v2\/types\/page"}],"author":[{"embeddable":true,"href":"https:\/\/www.dig-well.com\/es\/wp-json\/wp\/v2\/users\/1"}],"replies":[{"embeddable":true,"href":"https:\/\/www.dig-well.com\/es\/wp-json\/wp\/v2\/comments?post=28"}],"version-history":[{"count":12,"href":"https:\/\/www.dig-well.com\/es\/wp-json\/wp\/v2\/pages\/28\/revisions"}],"predecessor-version":[{"id":2513,"href":"https:\/\/www.dig-well.com\/es\/wp-json\/wp\/v2\/pages\/28\/revisions\/2513"}],"wp:attachment":[{"href":"https:\/\/www.dig-well.com\/es\/wp-json\/wp\/v2\/media?parent=28"}],"curies":[{"name":"wp","href":"https:\/\/api.w.org\/{rel}","templated":true}]}}