{"id":28,"date":"2021-08-11T13:58:21","date_gmt":"2021-08-11T05:58:21","guid":{"rendered":"http:\/\/localhost:273\/?page_id=28"},"modified":"2024-04-19T09:08:13","modified_gmt":"2024-04-19T01:08:13","slug":"aboutus","status":"publish","type":"page","link":"https:\/\/www.dig-well.com\/fr\/aboutus\/","title":{"rendered":"A propos de nous"},"content":{"rendered":"<p>Fond\u00e9e en 2008, la soci\u00e9t\u00e9 Zhangjiagang DigWell Technology Co. est un pr\u00e9curseur dans l'industrie des \u00e9quipements de nettoyage par ultrasons et des syst\u00e8mes de gestion des eaux us\u00e9es. Au cours des treize derni\u00e8res ann\u00e9es, DigWell s'est forg\u00e9 une solide r\u00e9putation en mati\u00e8re d'innovation, de qualit\u00e9 et de satisfaction de la client\u00e8le.<\/p>\n<p>Nich\u00e9e dans la ville industrielle de Zhangjiagang, un phare de l'excellence manufacturi\u00e8re, DigWell fournit des solutions de nettoyage par ultrasons sur mesure \u00e0 un large \u00e9ventail d'industries. Des exigences complexes de l'ing\u00e9nierie de pr\u00e9cision aux normes strictes de l'industrie m\u00e9dicale, les \u00e9quipements de nettoyage de DigWell sont essentiels pour atteindre une propret\u00e9 et une efficacit\u00e9 op\u00e9rationnelle in\u00e9gal\u00e9es.<\/p>\n<p>L'expertise de l'entreprise r\u00e9side dans la recherche, le d\u00e9veloppement, la conception, la production et la vente d'une gamme vari\u00e9e d'\u00e9quipements de nettoyage et de syst\u00e8mes de recyclage des eaux us\u00e9es. DigWell est reconnu comme un fournisseur unique de solutions globales pour les syst\u00e8mes de nettoyage et de recyclage des eaux us\u00e9es, offrant des produits tels que des machines de nettoyage \u00e0 ultrasons \u00e0 la pointe de la technologie.<\/p>\n<p>L'engagement de DigWell en faveur de l'innovation est illustr\u00e9 par ses actifs de propri\u00e9t\u00e9 intellectuelle, qui comprennent deux marques d\u00e9pos\u00e9es. Ces marques repr\u00e9sentent non seulement l'identit\u00e9 de la soci\u00e9t\u00e9, mais aussi son engagement in\u00e9branlable \u00e0 d\u00e9velopper des technologies de nettoyage uniques et efficaces.<\/p>\n<p>Au-del\u00e0 de la fabrication, DigWell assure des relations \u00e0 long terme avec ses clients en offrant des services apr\u00e8s-vente complets, y compris la maintenance des \u00e9quipements et l'assistance technique, garantissant ainsi la long\u00e9vit\u00e9 et la satisfaction de ses produits.<\/p>\n<p>Avec pour objectif d'offrir des solutions propres et durables qui \u00e9tablissent de nouvelles r\u00e9f\u00e9rences dans l'industrie, DigWell Technology persiste \u00e0 innover dans le domaine de la technologie de nettoyage par ultrasons. Le parcours de l'entreprise, qui s'\u00e9tend sur plus d'une d\u00e9cennie, est un r\u00e9cit de r\u00e9silience et d'adaptabilit\u00e9 dans un paysage commercial en constante \u00e9volution. Alors que DigWell se dirige vers l'avenir, elle reste ferme dans sa poursuite de l'excellence et de l'innovation, assurant son h\u00e9ritage en tant qu'avant-garde dans le domaine des solutions de nettoyage par ultrasons.<\/p>","protected":false},"excerpt":{"rendered":"<p>Established in 2008, Zhangjiagang DigWell Technology Co., Ltd. has been a trailblazer in the industry of ultrasonic cleaning equipment and wastewater management systems. Over the past thirteen years, DigWell has cultivated a strong reputation for innovation, quality, and dedication to customer satisfaction. Nestled within the industrious city of Zhangjiagang, a beacon of manufacturing excellence, DigWell [&hellip;]<\/p>\n","protected":false},"author":1,"featured_media":0,"parent":0,"menu_order":0,"comment_status":"open","ping_status":"closed","template":"page.php","meta":{"_acf_changed":false,"footnotes":""},"class_list":["post-28","page","type-page","status-publish","hentry"],"acf":[],"_links":{"self":[{"href":"https:\/\/www.dig-well.com\/fr\/wp-json\/wp\/v2\/pages\/28","targetHints":{"allow":["GET"]}}],"collection":[{"href":"https:\/\/www.dig-well.com\/fr\/wp-json\/wp\/v2\/pages"}],"about":[{"href":"https:\/\/www.dig-well.com\/fr\/wp-json\/wp\/v2\/types\/page"}],"author":[{"embeddable":true,"href":"https:\/\/www.dig-well.com\/fr\/wp-json\/wp\/v2\/users\/1"}],"replies":[{"embeddable":true,"href":"https:\/\/www.dig-well.com\/fr\/wp-json\/wp\/v2\/comments?post=28"}],"version-history":[{"count":12,"href":"https:\/\/www.dig-well.com\/fr\/wp-json\/wp\/v2\/pages\/28\/revisions"}],"predecessor-version":[{"id":2513,"href":"https:\/\/www.dig-well.com\/fr\/wp-json\/wp\/v2\/pages\/28\/revisions\/2513"}],"wp:attachment":[{"href":"https:\/\/www.dig-well.com\/fr\/wp-json\/wp\/v2\/media?parent=28"}],"curies":[{"name":"wp","href":"https:\/\/api.w.org\/{rel}","templated":true}]}}